{"id":1195,"date":"2022-04-26T05:12:49","date_gmt":"2022-04-26T05:12:49","guid":{"rendered":"https:\/\/powernode.templateoption.com\/dummy\/?page_id=1195"},"modified":"2024-03-05T16:27:08","modified_gmt":"2024-03-05T21:27:08","slug":"our-services-1","status":"publish","type":"page","link":"https:\/\/scosda.co\/index.php\/our-services-1\/","title":{"rendered":"Nuestros servicios principales"},"content":{"rendered":"\t\t<div data-elementor-type=\"wp-page\" data-elementor-id=\"1195\" class=\"elementor elementor-1195\">\n\t\t\t\t\t\t<section class=\"elementor-section elementor-top-section elementor-element elementor-element-f81598e elementor-section-boxed elementor-section-height-default elementor-section-height-default\" data-id=\"f81598e\" data-element_type=\"section\">\n\t\t\t\t\t\t<div class=\"elementor-container elementor-column-gap-default\">\n\t\t\t\t\t<div class=\"elementor-column elementor-col-100 elementor-top-column elementor-element elementor-element-9900fce\" data-id=\"9900fce\" data-element_type=\"column\">\n\t\t\t<div class=\"elementor-widget-wrap elementor-element-populated\">\n\t\t\t\t\t\t<div class=\"elementor-element elementor-element-36b5448 elementor-widget elementor-widget-powernode-text\" data-id=\"36b5448\" data-element_type=\"widget\" data-widget_type=\"powernode-text.default\">\n\t\t\t\t<div class=\"elementor-widget-container\">\n\t\t\t\t\t<div id=\"powernode-text-6a068c66a5f0e\" class=\"powernode-element powernode-text pnwt-text col-lg-10 offset-lg-1 section-title mb-40 pl-0 pr-0\">\r\n\t<p class=\"text-content p-xl txt-center\">Nuestros servicios principales se centran en tres \u00e1reas clave: desarrollo web, dise\u00f1o UI\/UX y estrategias de marketing digital. Desde la creaci\u00f3n de plataformas web din\u00e1micas hasta la optimizaci\u00f3n de la experiencia del usuario y la implementaci\u00f3n de estrategias de marketing efectivas, estamos aqu\u00ed para impulsar el \u00e9xito de tu marca en l\u00ednea<\/p><\/div>\t\t\t\t<\/div>\n\t\t\t\t<\/div>\n\t\t\t\t\t<\/div>\n\t\t<\/div>\n\t\t\t\t\t<\/div>\n\t\t<\/section>\n\t\t\t\t<section class=\"elementor-section elementor-top-section elementor-element elementor-element-88de050 elementor-section-boxed elementor-section-height-default elementor-section-height-default\" data-id=\"88de050\" data-element_type=\"section\">\n\t\t\t\t\t\t<div class=\"elementor-container elementor-column-gap-default\">\n\t\t\t\t\t<div class=\"elementor-column elementor-col-33 elementor-top-column elementor-element elementor-element-c09281b\" data-id=\"c09281b\" data-element_type=\"column\">\n\t\t\t<div class=\"elementor-widget-wrap elementor-element-populated\">\n\t\t\t\t\t\t<div class=\"elementor-element elementor-element-6e30272 elementor-invisible elementor-widget elementor-widget-powernode-features-box\" data-id=\"6e30272\" data-element_type=\"widget\" data-widget_type=\"powernode-features-box.default\">\n\t\t\t\t<div class=\"elementor-widget-container\">\n\t\t\t\t\t<div id=\"powernode-features-box-6a068c66a8188\" class=\"powernode-element powernode-features-box fbox-6-wrapper  fbox-6-hover\">\r\n\t<div class=\"pnwt-features-box pnwt-bxim fbox-3 hover-overlay-action fbox-6 media-flat-icon bxim-pos-top wow fadeInUp\" data-wow-delay=\"0.1s\"><div class=\"fbox-ico fbx-icons bx-icon-wrap jus-con-right align-itms-start\"><div class=\"fbx-icon bx-ico-img grey-color 65px fbox-6-ico d-block mb-0\"><span class=\"flaticon-monitor\"><\/span><\/div><\/div><div class=\"fbox-txt fbox-6-txt\"><h5 class=\"bx-title\">01.&nbsp; Desarrollo Web<span class=\"fbox-tra-digit\">01<\/span><\/h5><p class=\"bx-content p-md grey-color\">Creaamos sitios web din\u00e1micos y funcionales que destacan la identidad de tu marca y cautivan a tu audiencia en l\u00ednea<\/p><\/div><\/div><\/div>\t\t\t\t<\/div>\n\t\t\t\t<\/div>\n\t\t\t\t\t<\/div>\n\t\t<\/div>\n\t\t\t\t<div class=\"elementor-column elementor-col-33 elementor-top-column elementor-element elementor-element-73ecec7\" data-id=\"73ecec7\" data-element_type=\"column\">\n\t\t\t<div class=\"elementor-widget-wrap elementor-element-populated\">\n\t\t\t\t\t\t<div class=\"elementor-element elementor-element-1f988a5 elementor-invisible elementor-widget elementor-widget-powernode-features-box\" data-id=\"1f988a5\" data-element_type=\"widget\" data-widget_type=\"powernode-features-box.default\">\n\t\t\t\t<div class=\"elementor-widget-container\">\n\t\t\t\t\t<div id=\"powernode-features-box-6a068c66a8745\" class=\"powernode-element powernode-features-box fbox-6-wrapper  fbox-6-hover\">\r\n\t<div class=\"pnwt-features-box pnwt-bxim fbox-3 hover-overlay-action fbox-6 media-flat-icon bxim-pos-top wow fadeInUp\" data-wow-delay=\"0.2s\"><div class=\"fbox-ico fbx-icons bx-icon-wrap jus-con-right align-itms-start\"><div class=\"fbx-icon bx-ico-img grey-color 65px fbox-6-ico d-block mb-0\"><span class=\"flaticon-search-bar\"><\/span><\/div><\/div><div class=\"fbox-txt fbox-6-txt\"><h5 class=\"bx-title\">02.&nbsp; Publicidad Digital <span class=\"fbox-tra-digit\">02<\/span><\/h5><p class=\"bx-content p-md grey-color\">Maximizamos tu visibilidad en l\u00ednea con estrategias publicitarias digitales efectivas, llegando a tu audiencia objetivo en los lugares correctos y en el momento adecuado.\t\t\t\t\t<\/p><\/div><\/div><\/div>\t\t\t\t<\/div>\n\t\t\t\t<\/div>\n\t\t\t\t\t<\/div>\n\t\t<\/div>\n\t\t\t\t<div class=\"elementor-column elementor-col-33 elementor-top-column elementor-element elementor-element-2610cd2\" data-id=\"2610cd2\" data-element_type=\"column\">\n\t\t\t<div class=\"elementor-widget-wrap elementor-element-populated\">\n\t\t\t\t\t\t<div class=\"elementor-element elementor-element-e29c82e elementor-invisible elementor-widget elementor-widget-powernode-features-box\" data-id=\"e29c82e\" data-element_type=\"widget\" data-widget_type=\"powernode-features-box.default\">\n\t\t\t\t<div class=\"elementor-widget-container\">\n\t\t\t\t\t<div id=\"powernode-features-box-6a068c66a8be6\" class=\"powernode-element powernode-features-box fbox-6-wrapper  fbox-6-hover\">\r\n\t<div class=\"pnwt-features-box pnwt-bxim fbox-3 hover-overlay-action fbox-6 media-flat-icon bxim-pos-top wow fadeInUp\" data-wow-delay=\"0.3s\"><div class=\"fbox-ico fbx-icons bx-icon-wrap jus-con-right align-itms-start\"><div class=\"fbx-icon bx-ico-img grey-color 65px fbox-6-ico d-block mb-0\"><span class=\"flaticon-design-software\"><\/span><\/div><\/div><div class=\"fbox-txt fbox-6-txt\"><h5 class=\"bx-title\">03.&nbsp; Dise\u00f1o UI\/UX <span class=\"fbox-tra-digit\">03<\/span><\/h5><p class=\"bx-content p-md grey-color\">Dise\u00f1amos experiencias digitales intuitivas y atractivas que cautivan a los usuarios, priorizando la usabilidad y la est\u00e9tica en cada interacci\u00f3n.\t\t\t\t\t\t<\/p><\/div><\/div><\/div>\t\t\t\t<\/div>\n\t\t\t\t<\/div>\n\t\t\t\t\t<\/div>\n\t\t<\/div>\n\t\t\t\t\t<\/div>\n\t\t<\/section>\n\t\t\t\t<section class=\"elementor-section elementor-top-section elementor-element elementor-element-4707baa elementor-section-boxed elementor-section-height-default elementor-section-height-default\" data-id=\"4707baa\" data-element_type=\"section\">\n\t\t\t\t\t\t<div class=\"elementor-container elementor-column-gap-default\">\n\t\t\t\t\t<div class=\"elementor-column elementor-col-33 elementor-top-column elementor-element elementor-element-23c4878\" data-id=\"23c4878\" data-element_type=\"column\">\n\t\t\t<div class=\"elementor-widget-wrap elementor-element-populated\">\n\t\t\t\t\t\t<div class=\"elementor-element elementor-element-e9ea697 elementor-invisible elementor-widget elementor-widget-powernode-features-box\" data-id=\"e9ea697\" data-element_type=\"widget\" data-widget_type=\"powernode-features-box.default\">\n\t\t\t\t<div class=\"elementor-widget-container\">\n\t\t\t\t\t<div id=\"powernode-features-box-6a068c66a9178\" class=\"powernode-element powernode-features-box fbox-6-wrapper  fbox-6-hover\">\r\n\t<div class=\"pnwt-features-box pnwt-bxim fbox-3 hover-overlay-action fbox-6 media-flat-icon bxim-pos-top wow fadeInUp\" data-wow-delay=\"0.4s\"><div class=\"fbox-ico fbx-icons bx-icon-wrap jus-con-right align-itms-start\"><div class=\"fbx-icon bx-ico-img grey-color 65px fbox-6-ico d-block mb-0\"><span class=\"flaticon-bar-chart\"><\/span><\/div><\/div><div class=\"fbox-txt fbox-6-txt\"><h5 class=\"bx-title\">04.&nbsp; Optimizaci\u00f3n SEO<span class=\"fbox-tra-digit\">04<\/span><\/h5><p class=\"bx-content p-md grey-color\">Mejoramos tu visibilidad en los motores de b\u00fasqueda con estrategias de optimizaci\u00f3n SEO, aumentando el tr\u00e1fico org\u00e1nico y potenciando tu presencia en l\u00ednea de manera efectiva<\/p><\/div><\/div><\/div>\t\t\t\t<\/div>\n\t\t\t\t<\/div>\n\t\t\t\t\t<\/div>\n\t\t<\/div>\n\t\t\t\t<div class=\"elementor-column elementor-col-33 elementor-top-column elementor-element elementor-element-2971709\" data-id=\"2971709\" data-element_type=\"column\">\n\t\t\t<div class=\"elementor-widget-wrap elementor-element-populated\">\n\t\t\t\t\t\t<div class=\"elementor-element elementor-element-a53fa24 elementor-invisible elementor-widget elementor-widget-powernode-features-box\" data-id=\"a53fa24\" data-element_type=\"widget\" data-widget_type=\"powernode-features-box.default\">\n\t\t\t\t<div class=\"elementor-widget-container\">\n\t\t\t\t\t<div id=\"powernode-features-box-6a068c66a95a4\" class=\"powernode-element powernode-features-box fbox-6-wrapper  fbox-6-hover\">\r\n\t<div class=\"pnwt-features-box pnwt-bxim fbox-3 hover-overlay-action fbox-6 media-flat-icon bxim-pos-top wow fadeInUp\" data-wow-delay=\"0.5s\"><div class=\"fbox-ico fbx-icons bx-icon-wrap jus-con-right align-itms-start\"><div class=\"fbx-icon bx-ico-img grey-color 65px fbox-6-ico d-block mb-0\"><span class=\"flaticon-dog-tag\"><\/span><\/div><\/div><div class=\"fbox-txt fbox-6-txt\"><h5 class=\"bx-title\">05.&nbsp; Identidad De Marca<span class=\"fbox-tra-digit\">05<\/span><\/h5><p class=\"bx-content p-md grey-color\">Forjamos identidades de marca distintivas y memorables que resuenan con tu audiencia, transmitiendo tus valores y diferenci\u00e1ndote en un mercado competitivo y en constante evoluci\u00f3n.<\/p><\/div><\/div><\/div>\t\t\t\t<\/div>\n\t\t\t\t<\/div>\n\t\t\t\t\t<\/div>\n\t\t<\/div>\n\t\t\t\t<div class=\"elementor-column elementor-col-33 elementor-top-column elementor-element elementor-element-771feef\" data-id=\"771feef\" data-element_type=\"column\">\n\t\t\t<div class=\"elementor-widget-wrap elementor-element-populated\">\n\t\t\t\t\t\t<div class=\"elementor-element elementor-element-122e69b elementor-invisible elementor-widget elementor-widget-powernode-features-box\" data-id=\"122e69b\" data-element_type=\"widget\" data-widget_type=\"powernode-features-box.default\">\n\t\t\t\t<div class=\"elementor-widget-container\">\n\t\t\t\t\t<div id=\"powernode-features-box-6a068c66a99ca\" class=\"powernode-element powernode-features-box fbox-6-wrapper  fbox-6-hover\">\r\n\t<div class=\"pnwt-features-box pnwt-bxim fbox-3 hover-overlay-action fbox-6 media-flat-icon bxim-pos-top wow fadeInUp\" data-wow-delay=\"0.6s\"><div class=\"fbox-ico fbx-icons bx-icon-wrap jus-con-right align-itms-start\"><div class=\"fbx-icon bx-ico-img grey-color 65px fbox-6-ico d-block mb-0\"><span class=\"flaticon-presentation\"><\/span><\/div><\/div><div class=\"fbox-txt fbox-6-txt\"><h5 class=\"bx-title\">06.&nbsp; An\u00e1lisis de mercado<span class=\"fbox-tra-digit\">06<\/span><\/h5><p class=\"bx-content p-md grey-color\">Analizamos detalladamente el mercado para ofrecerte insights valiosos y estrategias informadas que impulsen tu competitividad y te posicionen estrat\u00e9gicamente en tu industria\t\t\t\t\t<\/p><\/div><\/div><\/div>\t\t\t\t<\/div>\n\t\t\t\t<\/div>\n\t\t\t\t\t<\/div>\n\t\t<\/div>\n\t\t\t\t\t<\/div>\n\t\t<\/section>\n\t\t\t\t<section class=\"elementor-section elementor-top-section elementor-element elementor-element-405e0de elementor-section-full_width elementor-section-stretched pt-100 content-section elementor-section-height-default elementor-section-height-default\" data-id=\"405e0de\" data-element_type=\"section\" data-settings=\"{&quot;stretch_section&quot;:&quot;section-stretched&quot;}\">\n\t\t\t\t\t\t\t<div class=\"elementor-background-overlay\"><\/div>\n\t\t\t\t\t\t\t<div class=\"elementor-container elementor-column-gap-default\">\n\t\t\t\t\t<div class=\"elementor-column elementor-col-100 elementor-top-column elementor-element elementor-element-6ef024c container\" data-id=\"6ef024c\" data-element_type=\"column\">\n\t\t\t<div class=\"elementor-widget-wrap elementor-element-populated\">\n\t\t\t\t\t\t<section class=\"elementor-section elementor-inner-section elementor-element elementor-element-592fe2e elementor-section-boxed elementor-section-height-default elementor-section-height-default\" data-id=\"592fe2e\" data-element_type=\"section\">\n\t\t\t\t\t\t<div class=\"elementor-container elementor-column-gap-default\">\n\t\t\t\t\t<div class=\"elementor-column elementor-col-100 elementor-inner-column elementor-element elementor-element-e9893fb col-md-11 col-lg-8 col-xl-7 pl-0 pr-0\" data-id=\"e9893fb\" data-element_type=\"column\">\n\t\t\t<div class=\"elementor-widget-wrap elementor-element-populated\">\n\t\t\t\t\t\t<div class=\"elementor-element elementor-element-f37b528 elementor-widget elementor-widget-powernode-heading\" data-id=\"f37b528\" data-element_type=\"widget\" data-widget_type=\"powernode-heading.default\">\n\t\t\t\t<div class=\"elementor-widget-container\">\n\t\t\t\t\t<div id=\"powernode-heading-6a068c66aa00e\" class=\"powernode-element powernode-heading mb-3\">\r\n\t<h3 class=\"pnwt-heading h3-sm\">Dise\u00f1amos y desarrollamos soluciones digitales innovadoras<\/h3><\/div>\t\t\t\t<\/div>\n\t\t\t\t<\/div>\n\t\t\t\t<div class=\"elementor-element elementor-element-3c25e04 elementor-widget elementor-widget-powernode-text\" data-id=\"3c25e04\" data-element_type=\"widget\" data-widget_type=\"powernode-text.default\">\n\t\t\t\t<div class=\"elementor-widget-container\">\n\t\t\t\t\t<div id=\"powernode-text-6a068c66aa266\" class=\"powernode-element powernode-text pnwt-text\">\r\n\t<p class=\"text-content p-md txt-default deepgrey-color mb-50\">Construimos soluciones digitales innovadoras que se adaptan y cumplen con las demandas cambiantes del mundo digital actual<\/p><\/div>\t\t\t\t<\/div>\n\t\t\t\t<\/div>\n\t\t\t\t\t<\/div>\n\t\t<\/div>\n\t\t\t\t\t<\/div>\n\t\t<\/section>\n\t\t\t\t<section class=\"elementor-section elementor-inner-section elementor-element elementor-element-f762a47 elementor-section-boxed elementor-section-height-default elementor-section-height-default\" data-id=\"f762a47\" data-element_type=\"section\">\n\t\t\t\t\t\t<div class=\"elementor-container elementor-column-gap-default\">\n\t\t\t\t\t<div class=\"elementor-column elementor-col-100 elementor-inner-column elementor-element elementor-element-bad02ce\" data-id=\"bad02ce\" data-element_type=\"column\">\n\t\t\t<div class=\"elementor-widget-wrap elementor-element-populated\">\n\t\t\t\t\t\t<div class=\"elementor-element elementor-element-44f0a35 elementor-widget elementor-widget-powernode-collage-box\" data-id=\"44f0a35\" data-element_type=\"widget\" data-widget_type=\"powernode-collage-box.default\">\n\t\t\t\t<div class=\"elementor-widget-container\">\n\t\t\t\t\t<div id=\"powernode-collage-box-6a068c66aaa21\" class=\"powernode-element powernode-collage-box\">\r\n\t<div class=\"pnwt-collage-box\"><div class=\"bx-img bx-ico-img\"><img fetchpriority=\"high\" decoding=\"async\" width=\"1024\" height=\"573\" src=\"https:\/\/scosda.co\/wp-content\/uploads\/2022\/09\/collag-place-1024x573.png\" class=\"rounded-0 attachment-large\" alt=\"\" srcset=\"https:\/\/scosda.co\/wp-content\/uploads\/2022\/09\/collag-place-1024x573.png 1024w, https:\/\/scosda.co\/wp-content\/uploads\/2022\/09\/collag-place-300x168.png 300w, https:\/\/scosda.co\/wp-content\/uploads\/2022\/09\/collag-place-768x430.png 768w, https:\/\/scosda.co\/wp-content\/uploads\/2022\/09\/collag-place.png 1198w\" sizes=\"(max-width: 1024px) 100vw, 1024px\" \/><\/div><div class=\"content-12-txt fbox-13-txt\"><div class=\"bx-img bx-ico-img content-bg\"><img decoding=\"async\" width=\"700\" height=\"450\" src=\"https:\/\/scosda.co\/wp-content\/uploads\/2022\/09\/aboutus-2-place.png\" class=\"attachment-large\" alt=\"\" srcset=\"https:\/\/scosda.co\/wp-content\/uploads\/2022\/09\/aboutus-2-place.png 700w, https:\/\/scosda.co\/wp-content\/uploads\/2022\/09\/aboutus-2-place-300x193.png 300w\" sizes=\"(max-width: 700px) 100vw, 700px\" \/><\/div><h4 class=\"bx-title h4-sm white-color\">\u00bfListo\/a para la exploraci\u00f3n del dise\u00f1o?<\/h4><p class=\"bx-content p-md white-color\">Ad\u00e9ntrate en un universo de ideas y posibilidades infinitas, explorando nuevas fronteras creativas y perspectivas inspiradoras.\n\n<\/p><\/div><\/div><\/div>\t\t\t\t<\/div>\n\t\t\t\t<\/div>\n\t\t\t\t\t<\/div>\n\t\t<\/div>\n\t\t\t\t\t<\/div>\n\t\t<\/section>\n\t\t\t\t\t<\/div>\n\t\t<\/div>\n\t\t\t\t\t<\/div>\n\t\t<\/section>\n\t\t\t\t<section class=\"elementor-section elementor-top-section elementor-element elementor-element-056d118 elementor-section-stretched bg-lightgrey content-section division elementor-section-boxed elementor-section-height-default elementor-section-height-default\" data-id=\"056d118\" data-element_type=\"section\" data-settings=\"{&quot;stretch_section&quot;:&quot;section-stretched&quot;}\">\n\t\t\t\t\t\t<div class=\"elementor-container elementor-column-gap-default\">\n\t\t\t\t\t<div class=\"elementor-column elementor-col-100 elementor-top-column elementor-element elementor-element-7dcf6e5\" data-id=\"7dcf6e5\" data-element_type=\"column\">\n\t\t\t<div class=\"elementor-widget-wrap elementor-element-populated\">\n\t\t\t\t\t\t<section class=\"elementor-section elementor-inner-section elementor-element elementor-element-7bb8b80 container elementor-section-boxed elementor-section-height-default elementor-section-height-default\" data-id=\"7bb8b80\" data-element_type=\"section\">\n\t\t\t\t\t\t<div class=\"elementor-container elementor-column-gap-default\">\n\t\t\t\t\t<div class=\"elementor-column elementor-col-50 elementor-inner-column elementor-element elementor-element-59a7beb col-md-5 col-lg-6 m-bottom elementor-invisible\" data-id=\"59a7beb\" data-element_type=\"column\" data-settings=\"{&quot;animation&quot;:&quot;fadeInRight&quot;,&quot;animation_delay&quot;:0.4}\">\n\t\t\t<div class=\"elementor-widget-wrap elementor-element-populated\">\n\t\t\t\t\t\t<div class=\"elementor-element elementor-element-47ee997 elementor-widget elementor-widget-powernode-image\" data-id=\"47ee997\" data-element_type=\"widget\" data-widget_type=\"powernode-image.default\">\n\t\t\t\t<div class=\"elementor-widget-container\">\n\t\t\t\t\t<div id=\"powernode-image-6a068c66ab847\" class=\"powernode-element powernode-image\">\r\n\t<div class=\"pnwt-image\"><img decoding=\"async\" width=\"550\" height=\"656\" src=\"https:\/\/scosda.co\/wp-content\/uploads\/2022\/09\/img-2-place.png\" class=\"attachment-large\" alt=\"\" srcset=\"https:\/\/scosda.co\/wp-content\/uploads\/2022\/09\/img-2-place.png 550w, https:\/\/scosda.co\/wp-content\/uploads\/2022\/09\/img-2-place-252x300.png 252w\" sizes=\"(max-width: 550px) 100vw, 550px\" \/><\/div><\/div>\t\t\t\t<\/div>\n\t\t\t\t<\/div>\n\t\t\t\t\t<\/div>\n\t\t<\/div>\n\t\t\t\t<div class=\"elementor-column elementor-col-50 elementor-inner-column elementor-element elementor-element-647ddc0 txt-block pc-30 align-items-center col-md-7 col-lg-6 m-top elementor-invisible\" data-id=\"647ddc0\" data-element_type=\"column\" data-settings=\"{&quot;animation&quot;:&quot;fadeInLeft&quot;,&quot;animation_delay&quot;:0.6}\">\n\t\t\t<div class=\"elementor-widget-wrap elementor-element-populated\">\n\t\t\t\t\t\t<div class=\"elementor-element elementor-element-ea994a7 elementor-widget elementor-widget-powernode-heading\" data-id=\"ea994a7\" data-element_type=\"widget\" data-widget_type=\"powernode-heading.default\">\n\t\t\t\t<div class=\"elementor-widget-container\">\n\t\t\t\t\t<div id=\"powernode-heading-6a068c66abe6c\" class=\"powernode-element powernode-heading grey-1-color\">\r\n\t<h6 class=\"pnwt-heading fw-semibold text-uppercase txt-left grey-1-color\">HABILIDADES Y EXPERIENCIAS<\/h6><\/div>\t\t\t\t<\/div>\n\t\t\t\t<\/div>\n\t\t\t\t<div class=\"elementor-element elementor-element-242c92f align-items-center elementor-widget elementor-widget-powernode-heading\" data-id=\"242c92f\" data-element_type=\"widget\" data-widget_type=\"powernode-heading.default\">\n\t\t\t\t<div class=\"elementor-widget-container\">\n\t\t\t\t\t<div id=\"powernode-heading-6a068c66ac0c5\" class=\"powernode-element powernode-heading\">\r\n\t<h3 class=\"pnwt-heading h3-sm\">Soluciones basadas en c\u00f3digo y dise\u00f1o<\/h3><\/div>\t\t\t\t<\/div>\n\t\t\t\t<\/div>\n\t\t\t\t<div class=\"elementor-element elementor-element-00a6db5 elementor-widget elementor-widget-powernode-icon-list\" data-id=\"00a6db5\" data-element_type=\"widget\" data-widget_type=\"powernode-icon-list.default\">\n\t\t\t\t<div class=\"elementor-widget-container\">\n\t\t\t\t\t<div id=\"powernode-list-6a068c66ac713\" class=\"powernode-element powernode-list\">\r\n\t<div class=\"list-section division\"><ul class=\"pnwt-list simple-list list-align-ver align-itms-start jus-con-start\"><li class=\"list-item icon-type-none\"><div class=\"fbox-list-txt\"><p class=\"bx-content p-lg deepgrey-color\">Enriquecemos tus proyectos con la combinaci\u00f3n magistral de c\u00f3digo y dise\u00f1o. Nuestra experiencia te garantiza soluciones digitales innovadoras que cautivan y destacan en un mercado competitivo.<\/p><\/div><\/li><\/ul><\/div><\/div>\t\t\t\t<\/div>\n\t\t\t\t<\/div>\n\t\t\t\t\t<\/div>\n\t\t<\/div>\n\t\t\t\t\t<\/div>\n\t\t<\/section>\n\t\t\t\t\t<\/div>\n\t\t<\/div>\n\t\t\t\t\t<\/div>\n\t\t<\/section>\n\t\t\t\t<section class=\"elementor-section elementor-top-section elementor-element elementor-element-373e819 elementor-section-stretched wide-80 elementor-section-boxed elementor-section-height-default elementor-section-height-default\" data-id=\"373e819\" data-element_type=\"section\" data-settings=\"{&quot;stretch_section&quot;:&quot;section-stretched&quot;}\">\n\t\t\t\t\t\t<div class=\"elementor-container elementor-column-gap-default\">\n\t\t\t\t\t<div class=\"elementor-column elementor-col-100 elementor-top-column elementor-element elementor-element-74ae6be container\" data-id=\"74ae6be\" data-element_type=\"column\">\n\t\t\t<div class=\"elementor-widget-wrap\">\n\t\t\t\t\t\t\t<\/div>\n\t\t<\/div>\n\t\t\t\t\t<\/div>\n\t\t<\/section>\n\t\t\t\t<section class=\"elementor-section elementor-top-section elementor-element elementor-element-5cc9bdb elementor-section-height-min-height elementor-section-stretched elementor-section-boxed elementor-section-height-default elementor-section-items-middle\" data-id=\"5cc9bdb\" data-element_type=\"section\" id=\"cta-2\" data-settings=\"{&quot;background_background&quot;:&quot;classic&quot;,&quot;stretch_section&quot;:&quot;section-stretched&quot;}\">\n\t\t\t\t\t\t\t<div class=\"elementor-background-overlay\"><\/div>\n\t\t\t\t\t\t\t<div class=\"elementor-container elementor-column-gap-default\">\n\t\t\t\t\t<div class=\"elementor-column elementor-col-100 elementor-top-column elementor-element elementor-element-899ba48 col-lg-8 offset-lg-2 text-white\" data-id=\"899ba48\" data-element_type=\"column\">\n\t\t\t<div class=\"elementor-widget-wrap elementor-element-populated\">\n\t\t\t\t\t\t<div class=\"elementor-element elementor-element-74b88b4 elementor-widget elementor-widget-powernode-heading\" data-id=\"74b88b4\" data-element_type=\"widget\" data-widget_type=\"powernode-heading.default\">\n\t\t\t\t<div class=\"elementor-widget-container\">\n\t\t\t\t\t<div id=\"powernode-heading-6a068c66ad101\" class=\"powernode-element powernode-heading mb-3 white-color\">\r\n\t<h3 class=\"pnwt-heading h3-lg txt-center white-color\">\u00a1Empecemos!<\/h3><\/div>\t\t\t\t<\/div>\n\t\t\t\t<\/div>\n\t\t\t\t<div class=\"elementor-element elementor-element-35a4e39 elementor-widget elementor-widget-powernode-text\" data-id=\"35a4e39\" data-element_type=\"widget\" data-widget_type=\"powernode-text.default\">\n\t\t\t\t<div class=\"elementor-widget-container\">\n\t\t\t\t\t<div id=\"powernode-text-6a068c66ad351\" class=\"powernode-element powernode-text pnwt-text\">\r\n\t<p class=\"text-content p-xl txt-center #FFFFFF-color\">\u00bfA\u00fan tienes dudas? Cont\u00e1ctanos y conversamos.<\/p><\/div>\t\t\t\t<\/div>\n\t\t\t\t<\/div>\n\t\t\t\t<div class=\"elementor-element elementor-element-70134a6 elementor-widget elementor-widget-powernode-button\" data-id=\"70134a6\" data-element_type=\"widget\" data-settings=\"{&quot;button_style&quot;:&quot;flat&quot;}\" data-widget_type=\"powernode-button.default\">\n\t\t\t\t<div class=\"elementor-widget-container\">\n\t\t\t\t\t<div id=\"powernode-button-6a068c66ada7e\" class=\"powernode-element powernode-button text-center\">\r\n\t<button class=\"pnwt-button btn btn-flat btn-md btn-rounded align-itms-center btn-theme tra-white-hover\">Habla con nosotros<\/button><\/div>\t\t\t\t<\/div>\n\t\t\t\t<\/div>\n\t\t\t\t<div class=\"elementor-element elementor-element-9698dfa elementor-widget elementor-widget-powernode-button\" data-id=\"9698dfa\" data-element_type=\"widget\" data-settings=\"{&quot;button_style&quot;:&quot;link&quot;}\" data-widget_type=\"powernode-button.default\">\n\t\t\t\t<div class=\"elementor-widget-container\">\n\t\t\t\t\t<div id=\"powernode-button-6a068c66adec1\" class=\"powernode-element powernode-button txt-center mt-20\">\r\n\t<button class=\"pnwt-button btn btn-link btn-md btn-rounded align-itms-center btn-tra-white tra-white-hover\">Lea las preguntas frecuentes<\/button><\/div>\t\t\t\t<\/div>\n\t\t\t\t<\/div>\n\t\t\t\t\t<\/div>\n\t\t<\/div>\n\t\t\t\t\t<\/div>\n\t\t<\/section>\n\t\t\t\t<\/div>\n\t\t","protected":false},"excerpt":{"rendered":"<p>Nuestros servicios principales se centran en tres \u00e1reas clave: desarrollo web, dise\u00f1o UI\/UX y estrategias de marketing digital. Desde la creaci\u00f3n de plataformas web din\u00e1micas hasta la optimizaci\u00f3n de la experiencia del usuario y la implementaci\u00f3n de estrategias de marketing [&hellip;]<\/p>\n","protected":false},"author":1,"featured_media":0,"parent":0,"menu_order":0,"comment_status":"closed","ping_status":"closed","template":"","meta":{"footnotes":""},"class_list":["post-1195","page","type-page","status-publish","hentry","entry"],"_links":{"self":[{"href":"https:\/\/scosda.co\/index.php\/wp-json\/wp\/v2\/pages\/1195","targetHints":{"allow":["GET"]}}],"collection":[{"href":"https:\/\/scosda.co\/index.php\/wp-json\/wp\/v2\/pages"}],"about":[{"href":"https:\/\/scosda.co\/index.php\/wp-json\/wp\/v2\/types\/page"}],"author":[{"embeddable":true,"href":"https:\/\/scosda.co\/index.php\/wp-json\/wp\/v2\/users\/1"}],"replies":[{"embeddable":true,"href":"https:\/\/scosda.co\/index.php\/wp-json\/wp\/v2\/comments?post=1195"}],"version-history":[{"count":12,"href":"https:\/\/scosda.co\/index.php\/wp-json\/wp\/v2\/pages\/1195\/revisions"}],"predecessor-version":[{"id":9155,"href":"https:\/\/scosda.co\/index.php\/wp-json\/wp\/v2\/pages\/1195\/revisions\/9155"}],"wp:attachment":[{"href":"https:\/\/scosda.co\/index.php\/wp-json\/wp\/v2\/media?parent=1195"}],"curies":[{"name":"wp","href":"https:\/\/api.w.org\/{rel}","templated":true}]}}