{"id":145,"date":"2021-10-18T08:20:30","date_gmt":"2021-10-18T08:20:30","guid":{"rendered":"https:\/\/powernode.templateoption.com\/dummy\/?page_id=145"},"modified":"2024-11-18T12:11:46","modified_gmt":"2024-11-18T17:11:46","slug":"faqs","status":"publish","type":"page","link":"https:\/\/scosda.co\/index.php\/faqs\/","title":{"rendered":"FAQS"},"content":{"rendered":"\t\t<div data-elementor-type=\"wp-page\" data-elementor-id=\"145\" class=\"elementor elementor-145\">\n\t\t\t\t\t\t<section class=\"elementor-section elementor-top-section elementor-element elementor-element-e1b2df5 elementor-section-boxed elementor-section-height-default elementor-section-height-default\" data-id=\"e1b2df5\" data-element_type=\"section\" data-settings=\"{&quot;background_background&quot;:&quot;classic&quot;}\">\n\t\t\t\t\t\t<div class=\"elementor-container elementor-column-gap-default\">\n\t\t\t\t\t<div class=\"elementor-column elementor-col-100 elementor-top-column elementor-element elementor-element-3117d16 container\" data-id=\"3117d16\" data-element_type=\"column\">\n\t\t\t<div class=\"elementor-widget-wrap elementor-element-populated\">\n\t\t\t\t\t\t<section class=\"elementor-section elementor-inner-section elementor-element elementor-element-3cd08bb elementor-section-boxed elementor-section-height-default elementor-section-height-default\" data-id=\"3cd08bb\" data-element_type=\"section\">\n\t\t\t\t\t\t<div class=\"elementor-container elementor-column-gap-default\">\n\t\t\t\t\t<div class=\"elementor-column elementor-col-100 elementor-inner-column elementor-element elementor-element-d9368e3\" data-id=\"d9368e3\" data-element_type=\"column\">\n\t\t\t<div class=\"elementor-widget-wrap\">\n\t\t\t\t\t\t\t<\/div>\n\t\t<\/div>\n\t\t\t\t\t<\/div>\n\t\t<\/section>\n\t\t\t\t<section class=\"elementor-section elementor-inner-section elementor-element elementor-element-3cb9c9c elementor-section-boxed elementor-section-height-default elementor-section-height-default\" data-id=\"3cb9c9c\" data-element_type=\"section\">\n\t\t\t\t\t\t<div class=\"elementor-container elementor-column-gap-default\">\n\t\t\t\t\t<div class=\"elementor-column elementor-col-50 elementor-inner-column elementor-element elementor-element-2d912df col-lg-6\" data-id=\"2d912df\" data-element_type=\"column\">\n\t\t\t<div class=\"elementor-widget-wrap elementor-element-populated\">\n\t\t\t\t\t\t<div class=\"elementor-element elementor-element-b35842f elementor-invisible elementor-widget elementor-widget-powernode-features-box\" data-id=\"b35842f\" data-element_type=\"widget\" data-widget_type=\"powernode-features-box.default\">\n\t\t\t\t<div class=\"elementor-widget-container\">\n\t\t\t\t\t<div id=\"powernode-features-box-69f5ffa935fd1\" class=\"powernode-element powernode-features-box\">\r\n\t<div class=\"pnwt-features-box pnwt-bxim fbox-3 hover-overlay-action mb-30 media-none wow fadeInUp\" data-wow-delay=\"0.1s\"><div class=\"fbox-txt\"><h6 class=\"bx-title h6-xl txt-left\">\u00bfCu\u00e1l es su proceso de desarrollo de software a medida?<\/h6><p class=\"bx-content p-md txt-justify deepgrey-color\">Normalmente incluimos fases como: descubrimiento y an\u00e1lisis de requisitos, dise\u00f1o, desarrollo, pruebas, implementaci\u00f3n y mantenimiento. Podemos detallar cada fase y c\u00f3mo se adapta a las necesidades espec\u00edficas del cliente.<\/p><\/div><\/div><\/div>\t\t\t\t<\/div>\n\t\t\t\t<\/div>\n\t\t\t\t<div class=\"elementor-element elementor-element-377210f elementor-invisible elementor-widget elementor-widget-powernode-features-box\" data-id=\"377210f\" data-element_type=\"widget\" data-widget_type=\"powernode-features-box.default\">\n\t\t\t\t<div class=\"elementor-widget-container\">\n\t\t\t\t\t<div id=\"powernode-features-box-69f5ffa938194\" class=\"powernode-element powernode-features-box\">\r\n\t<div class=\"pnwt-features-box pnwt-bxim fbox-3 hover-overlay-action mb-30 media-none wow fadeInUp\" data-wow-delay=\"0.3s\"><div class=\"fbox-txt\"><h6 class=\"bx-title h6-xl\">\u00bfUtilizan alguna metodolog\u00eda en particular (Agile, Scrum, Waterfall)?<\/h6><p class=\"bx-content p-md txt-justify deepgrey-color\">Usamos Scrum ya que entregamos funcionalidades de forma regular en ciclos cortos (sprints), lo que permite obtener feedback del cliente de forma temprana y realizar ajustes si es necesario.<\/p><\/div><\/div><\/div>\t\t\t\t<\/div>\n\t\t\t\t<\/div>\n\t\t\t\t<div class=\"elementor-element elementor-element-ec744f8 elementor-invisible elementor-widget elementor-widget-powernode-features-box\" data-id=\"ec744f8\" data-element_type=\"widget\" data-widget_type=\"powernode-features-box.default\">\n\t\t\t\t<div class=\"elementor-widget-container\">\n\t\t\t\t\t<div id=\"powernode-features-box-69f5ffa938558\" class=\"powernode-element powernode-features-box\">\r\n\t<div class=\"pnwt-features-box pnwt-bxim fbox-3 hover-overlay-action mb-30 text-left media-none wow fadeInUp\" data-wow-delay=\"0.5s\"><div class=\"fbox-txt\"><h6 class=\"bx-title h6-xl\">\u00bfPueden integrarse con sistemas existentes?<\/h6><div class=\"bx-content fs-md txt-justify deepgrey-color\">S\u00ed, podemos integrar con una amplia variedad de sistemas y tecnolog\u00edas, y explicamos c\u00f3mo abordamos las integraciones.<\/div><\/div><\/div><\/div>\t\t\t\t<\/div>\n\t\t\t\t<\/div>\n\t\t\t\t\t<\/div>\n\t\t<\/div>\n\t\t\t\t<div class=\"elementor-column elementor-col-50 elementor-inner-column elementor-element elementor-element-6017dae col-lg-6\" data-id=\"6017dae\" data-element_type=\"column\">\n\t\t\t<div class=\"elementor-widget-wrap elementor-element-populated\">\n\t\t\t\t\t\t<div class=\"elementor-element elementor-element-af3fb54 elementor-invisible elementor-widget elementor-widget-powernode-features-box\" data-id=\"af3fb54\" data-element_type=\"widget\" data-widget_type=\"powernode-features-box.default\">\n\t\t\t\t<div class=\"elementor-widget-container\">\n\t\t\t\t\t<div id=\"powernode-features-box-69f5ffa938a31\" class=\"powernode-element powernode-features-box\">\r\n\t<div class=\"pnwt-features-box pnwt-bxim fbox-3 hover-overlay-action mb-30 media-none wow fadeInUp\" data-wow-delay=\"0.2s\"><div class=\"fbox-txt\"><h6 class=\"bx-title h6-xl\">\u00bfC\u00f3mo garantizan la seguridad de los datos de nuestros clientes?<\/h6><p class=\"bx-content p-md deepgrey-color\">Garantizamos la seguridad de la informaci\u00f3n que manejamos por medio de cifrado, autenticaci\u00f3n de dos factores y cumplimiento de regulaciones.<\/p><\/div><\/div><\/div>\t\t\t\t<\/div>\n\t\t\t\t<\/div>\n\t\t\t\t<div class=\"elementor-element elementor-element-ddff549 elementor-invisible elementor-widget elementor-widget-powernode-features-box\" data-id=\"ddff549\" data-element_type=\"widget\" data-widget_type=\"powernode-features-box.default\">\n\t\t\t\t<div class=\"elementor-widget-container\">\n\t\t\t\t\t<div id=\"powernode-features-box-69f5ffa938d4d\" class=\"powernode-element powernode-features-box\">\r\n\t<div class=\"pnwt-features-box pnwt-bxim fbox-3 hover-overlay-action mb-30 media-none wow fadeInUp\" data-wow-delay=\"0.4s\"><div class=\"fbox-txt\"><h6 class=\"bx-title h6-xl\">\u00bfOfrecen soporte post-implementaci\u00f3n?<\/h6><p class=\"bx-content p-md deepgrey-color\">S\u00ed, ofrecemos soporte post-implementaci\u00f3n mantenimiento correctivo, evolutivo, etc.\n\n<\/p><\/div><\/div><\/div>\t\t\t\t<\/div>\n\t\t\t\t<\/div>\n\t\t\t\t<div class=\"elementor-element elementor-element-4e31114 elementor-invisible elementor-widget elementor-widget-powernode-features-box\" data-id=\"4e31114\" data-element_type=\"widget\" data-widget_type=\"powernode-features-box.default\">\n\t\t\t\t<div class=\"elementor-widget-container\">\n\t\t\t\t\t<div id=\"powernode-features-box-69f5ffa939060\" class=\"powernode-element powernode-features-box\">\r\n\t<div class=\"pnwt-features-box pnwt-bxim fbox-3 hover-overlay-action mb-30 media-none wow fadeInUp\" data-wow-delay=\"0.6s\"><div class=\"fbox-txt\"><h6 class=\"bx-title h6-xl\">\u00bfC\u00f3mo garantizan la calidad del software desarrollado?<\/h6><div class=\"bx-content fs-md deepgrey-color\">Detallamos las pr\u00e1cticas de aseguramiento de calidad, como pruebas unitarias, integraci\u00f3n continua, revisi\u00f3n de c\u00f3digo y pruebas de usuario.<\/div><\/div><\/div><\/div>\t\t\t\t<\/div>\n\t\t\t\t<\/div>\n\t\t\t\t\t<\/div>\n\t\t<\/div>\n\t\t\t\t\t<\/div>\n\t\t<\/section>\n\t\t\t\t<section class=\"elementor-section elementor-inner-section elementor-element elementor-element-db87d45 more-questions bg-lightgrey elementor-section-boxed elementor-section-height-default elementor-section-height-default\" data-id=\"db87d45\" data-element_type=\"section\">\n\t\t\t\t\t\t<div class=\"elementor-container elementor-column-gap-default\">\n\t\t\t\t\t<div class=\"elementor-column elementor-col-100 elementor-inner-column elementor-element elementor-element-66bcb98\" data-id=\"66bcb98\" data-element_type=\"column\">\n\t\t\t<div class=\"elementor-widget-wrap elementor-element-populated\">\n\t\t\t\t\t\t<div class=\"elementor-element elementor-element-04c7bb7 col-lg-9 elementor-widget elementor-widget-powernode-text\" data-id=\"04c7bb7\" data-element_type=\"widget\" data-widget_type=\"powernode-text.default\">\n\t\t\t\t<div class=\"elementor-widget-container\">\n\t\t\t\t\t<div id=\"powernode-text-69f5ffa939871\" class=\"powernode-element powernode-text pnwt-text\">\r\n\t<p class=\"text-content p-xl txt-default grey-color more-questions-txt mb-lg-0 mb-sm-3 text-sm-center text-lg-left\">\u00bfA\u00fan tienes alguna otra pregunta? No te preocupes nuestro equipo est\u00e1 dispuesto a resolverlas<\/p><\/div>\t\t\t\t<\/div>\n\t\t\t\t<\/div>\n\t\t\t\t<div class=\"elementor-element elementor-element-318c8aa col-lg-3  elementor-widget elementor-widget-powernode-button\" data-id=\"318c8aa\" data-element_type=\"widget\" data-settings=\"{&quot;button_style&quot;:&quot;flat&quot;}\" data-widget_type=\"powernode-button.default\">\n\t\t\t\t<div class=\"elementor-widget-container\">\n\t\t\t\t\t<div id=\"powernode-button-69f5ffa93a0b1\" class=\"powernode-element powernode-button text-center\">\r\n\t<button class=\"pnwt-button btn btn-flat btn-md btn-rounded align-itms-center btn-theme tra-grey-hover\">Cont\u00e1ctanos<\/button><\/div>\t\t\t\t<\/div>\n\t\t\t\t<\/div>\n\t\t\t\t\t<\/div>\n\t\t<\/div>\n\t\t\t\t\t<\/div>\n\t\t<\/section>\n\t\t\t\t\t<\/div>\n\t\t<\/div>\n\t\t\t\t\t<\/div>\n\t\t<\/section>\n\t\t\t\t<\/div>\n\t\t","protected":false},"excerpt":{"rendered":"<p>\u00bfCu\u00e1l es su proceso de desarrollo de software a medida? Normalmente incluimos fases como: descubrimiento y an\u00e1lisis de requisitos, dise\u00f1o, desarrollo, pruebas, implementaci\u00f3n y mantenimiento. Podemos detallar cada fase y c\u00f3mo se adapta a las necesidades espec\u00edficas del cliente. \u00bfUtilizan [&hellip;]<\/p>\n","protected":false},"author":1,"featured_media":0,"parent":0,"menu_order":0,"comment_status":"closed","ping_status":"closed","template":"elementor_header_footer","meta":{"footnotes":""},"class_list":["post-145","page","type-page","status-publish","hentry","entry"],"_links":{"self":[{"href":"https:\/\/scosda.co\/index.php\/wp-json\/wp\/v2\/pages\/145","targetHints":{"allow":["GET"]}}],"collection":[{"href":"https:\/\/scosda.co\/index.php\/wp-json\/wp\/v2\/pages"}],"about":[{"href":"https:\/\/scosda.co\/index.php\/wp-json\/wp\/v2\/types\/page"}],"author":[{"embeddable":true,"href":"https:\/\/scosda.co\/index.php\/wp-json\/wp\/v2\/users\/1"}],"replies":[{"embeddable":true,"href":"https:\/\/scosda.co\/index.php\/wp-json\/wp\/v2\/comments?post=145"}],"version-history":[{"count":12,"href":"https:\/\/scosda.co\/index.php\/wp-json\/wp\/v2\/pages\/145\/revisions"}],"predecessor-version":[{"id":9464,"href":"https:\/\/scosda.co\/index.php\/wp-json\/wp\/v2\/pages\/145\/revisions\/9464"}],"wp:attachment":[{"href":"https:\/\/scosda.co\/index.php\/wp-json\/wp\/v2\/media?parent=145"}],"curies":[{"name":"wp","href":"https:\/\/api.w.org\/{rel}","templated":true}]}}